{"id":1178,"date":"2021-05-15T17:22:14","date_gmt":"2021-05-15T15:22:14","guid":{"rendered":"https:\/\/www.tantelose.de\/?page_id=1178"},"modified":"2024-07-08T09:20:41","modified_gmt":"2024-07-08T07:20:41","slug":"diy","status":"publish","type":"page","link":"https:\/\/www.tantelose.de\/?page_id=1178","title":{"rendered":"DIY"},"content":{"rendered":"\n<p class=\"has-vivid-cyan-blue-color has-text-color\">Do It Yourself.<\/p>\n\n\n\n<p class=\"has-small-font-size\">Immer wieder predigen wir, wie genussvoll auch ein reduzierter Lebensstil sein kann. Aber da Probieren bekanntlich \u00fcber Studieren geht, haben wir heute ein einfaches und superleckeres Rezept f\u00fcr Euch:  <a href=\"https:\/\/www.tantelose.de\/?page_id=1180\" data-type=\"URL\"><strong>Focaccia!<\/strong><\/a><\/p>\n\n\n\n<p class=\"has-small-font-size\">Avocado war gestern \u2013 <strong><a href=\"https:\/\/www.tantelose.de\/?page_id=1201\" data-type=\"URL\" data-id=\"https:\/\/www.tantelose.de\/?page_id=1201\">Gr\u00fcne-Erbsen-Guacamole<\/a><\/strong> ist der neue Hit. Die regionale Alternative f\u00fcr einen einfachen gr\u00fcnen Aufstrich ist super lecker und ganz einfach.<\/p>\n\n\n\n<p class=\"has-small-font-size\"><a href=\"https:\/\/www.tantelose.de\/?page_id=1210\"><strong>Smoothie-Time<\/strong><\/a><\/p>\n","protected":false},"excerpt":{"rendered":"<p>Do It Yourself. Immer wieder predigen wir, wie genussvoll auch ein reduzierter Lebensstil sein kann. Aber da Probieren bekanntlich \u00fcber Studieren geht, haben wir heute ein einfaches und superleckeres Rezept f\u00fcr Euch: Focaccia! Avocado war gestern \u2013 Gr\u00fcne-Erbsen-Guacamole ist der neue Hit. Die regionale Alternative f\u00fcr einen einfachen gr\u00fcnen Aufstrich ist super lecker und ganz &hellip; <\/p>\n<p class=\"link-more\"><a href=\"https:\/\/www.tantelose.de\/?page_id=1178\" class=\"more-link\"><span class=\"screen-reader-text\">\u201eDIY\u201c<\/span> weiterlesen<\/a><\/p>\n","protected":false},"author":2,"featured_media":0,"parent":0,"menu_order":0,"comment_status":"closed","ping_status":"closed","template":"","meta":{"footnotes":""},"class_list":["post-1178","page","type-page","status-publish","hentry"],"_links":{"self":[{"href":"https:\/\/www.tantelose.de\/index.php?rest_route=\/wp\/v2\/pages\/1178","targetHints":{"allow":["GET"]}}],"collection":[{"href":"https:\/\/www.tantelose.de\/index.php?rest_route=\/wp\/v2\/pages"}],"about":[{"href":"https:\/\/www.tantelose.de\/index.php?rest_route=\/wp\/v2\/types\/page"}],"author":[{"embeddable":true,"href":"https:\/\/www.tantelose.de\/index.php?rest_route=\/wp\/v2\/users\/2"}],"replies":[{"embeddable":true,"href":"https:\/\/www.tantelose.de\/index.php?rest_route=%2Fwp%2Fv2%2Fcomments&post=1178"}],"version-history":[{"count":10,"href":"https:\/\/www.tantelose.de\/index.php?rest_route=\/wp\/v2\/pages\/1178\/revisions"}],"predecessor-version":[{"id":23960,"href":"https:\/\/www.tantelose.de\/index.php?rest_route=\/wp\/v2\/pages\/1178\/revisions\/23960"}],"wp:attachment":[{"href":"https:\/\/www.tantelose.de\/index.php?rest_route=%2Fwp%2Fv2%2Fmedia&parent=1178"}],"curies":[{"name":"wp","href":"https:\/\/api.w.org\/{rel}","templated":true}]}}