{"id":1201,"date":"2021-05-16T09:07:06","date_gmt":"2021-05-16T07:07:06","guid":{"rendered":"https:\/\/www.tantelose.de\/?page_id=1201"},"modified":"2021-05-16T09:09:53","modified_gmt":"2021-05-16T07:09:53","slug":"gruene-erbsen-guacamole","status":"publish","type":"page","link":"https:\/\/www.tantelose.de\/?page_id=1201","title":{"rendered":"Gr\u00fcne-Erbsen-Guacamole"},"content":{"rendered":"\n<div class=\"wp-block-image is-style-default\"><figure class=\"alignleft size-large is-resized\"><img loading=\"lazy\" decoding=\"async\" src=\"https:\/\/www.tantelose.de\/wp-content\/uploads\/2021\/05\/Guacamole-1024x1024.png\" alt=\"\" class=\"wp-image-1203\" width=\"256\" height=\"256\" srcset=\"https:\/\/www.tantelose.de\/wp-content\/uploads\/2021\/05\/Guacamole-1024x1024.png 1024w, https:\/\/www.tantelose.de\/wp-content\/uploads\/2021\/05\/Guacamole-300x300.png 300w, https:\/\/www.tantelose.de\/wp-content\/uploads\/2021\/05\/Guacamole-150x150.png 150w, https:\/\/www.tantelose.de\/wp-content\/uploads\/2021\/05\/Guacamole-768x768.png 768w, https:\/\/www.tantelose.de\/wp-content\/uploads\/2021\/05\/Guacamole-100x100.png 100w, https:\/\/www.tantelose.de\/wp-content\/uploads\/2021\/05\/Guacamole.png 1080w\" sizes=\"auto, (max-width: 256px) 100vw, 256px\" \/><\/figure><\/div>\n\n\n\n<p class=\"has-small-font-size\">So einfach geht\u2019s:<\/p>\n\n\n\n<p class=\"has-small-font-size\">Wasche die Erbsen gr\u00fcndlich ab, f\u00fclle sie in einen Topf und bedecke sie mit Leitungswasser. Lass die Erbsen abgedeckt mit einem Deckel \u00fcber Nacht einweichen und koche sie am n\u00e4chsten Morgen f\u00fcr 30 bis 60 Minuten, bis sie weich sind. Das Kochwasser abgie\u00dfen und auffangen und die Erbsen etwas abk\u00fchlen lassen.<\/p>\n\n\n\n<p class=\"has-small-font-size\">Mit einem P\u00fcrierstab oder einem Mixer die Erbsen mit der Zwiebel und dem \u00d6l sowie dem Zitronensaft cremig p\u00fcrieren und mit Salz und Pfeffer abschmecken. Falls du noch zus\u00e4tzliche Fl\u00fcssigkeit ben\u00f6tigst, kannst du das aufgefangene Kochwasser verwenden &#8211; fertig!<\/p>\n\n\n\n<p class=\"has-small-font-size\">Mit klein geschnittenen Tomaten und Chiliflocken, kannst du noch mehr Guacamole-Feeling zaubern. Im K\u00fchlschrank h\u00e4lt sich die Creme bis zu f\u00fcnf Tage.<\/p>\n\n\n\n<p class=\"has-vivid-cyan-blue-color has-text-color has-small-font-size\"><em>Viel Spa\u00df beim Nachmachen!<\/em><\/p>\n\n\n\n<p class=\"has-small-font-size\"><strong><em><a href=\"https:\/\/www.tantelose.de\/?page_id=1178\" data-type=\"URL\" data-id=\"https:\/\/www.tantelose.de\/?page_id=1178\">zur\u00fcck<\/a><\/em><\/strong><\/p>\n","protected":false},"excerpt":{"rendered":"<p>So einfach geht\u2019s: Wasche die Erbsen gr\u00fcndlich ab, f\u00fclle sie in einen Topf und bedecke sie mit Leitungswasser. Lass die Erbsen abgedeckt mit einem Deckel \u00fcber Nacht einweichen und koche sie am n\u00e4chsten Morgen f\u00fcr 30 bis 60 Minuten, bis sie weich sind. Das Kochwasser abgie\u00dfen und auffangen und die Erbsen etwas abk\u00fchlen lassen. Mit &hellip; <\/p>\n<p class=\"link-more\"><a href=\"https:\/\/www.tantelose.de\/?page_id=1201\" class=\"more-link\"><span class=\"screen-reader-text\">\u201eGr\u00fcne-Erbsen-Guacamole\u201c<\/span> weiterlesen<\/a><\/p>\n","protected":false},"author":2,"featured_media":0,"parent":1178,"menu_order":0,"comment_status":"closed","ping_status":"closed","template":"","meta":{"footnotes":""},"class_list":["post-1201","page","type-page","status-publish","hentry"],"_links":{"self":[{"href":"https:\/\/www.tantelose.de\/index.php?rest_route=\/wp\/v2\/pages\/1201","targetHints":{"allow":["GET"]}}],"collection":[{"href":"https:\/\/www.tantelose.de\/index.php?rest_route=\/wp\/v2\/pages"}],"about":[{"href":"https:\/\/www.tantelose.de\/index.php?rest_route=\/wp\/v2\/types\/page"}],"author":[{"embeddable":true,"href":"https:\/\/www.tantelose.de\/index.php?rest_route=\/wp\/v2\/users\/2"}],"replies":[{"embeddable":true,"href":"https:\/\/www.tantelose.de\/index.php?rest_route=%2Fwp%2Fv2%2Fcomments&post=1201"}],"version-history":[{"count":4,"href":"https:\/\/www.tantelose.de\/index.php?rest_route=\/wp\/v2\/pages\/1201\/revisions"}],"predecessor-version":[{"id":1206,"href":"https:\/\/www.tantelose.de\/index.php?rest_route=\/wp\/v2\/pages\/1201\/revisions\/1206"}],"up":[{"embeddable":true,"href":"https:\/\/www.tantelose.de\/index.php?rest_route=\/wp\/v2\/pages\/1178"}],"wp:attachment":[{"href":"https:\/\/www.tantelose.de\/index.php?rest_route=%2Fwp%2Fv2%2Fmedia&parent=1201"}],"curies":[{"name":"wp","href":"https:\/\/api.w.org\/{rel}","templated":true}]}}