{"id":1210,"date":"2021-05-16T09:19:36","date_gmt":"2021-05-16T07:19:36","guid":{"rendered":"https:\/\/www.tantelose.de\/?page_id=1210"},"modified":"2021-05-16T09:23:54","modified_gmt":"2021-05-16T07:23:54","slug":"smoothie-time","status":"publish","type":"page","link":"https:\/\/www.tantelose.de\/?page_id=1210","title":{"rendered":"Smoothie-Time"},"content":{"rendered":"\n<div class=\"wp-block-image is-style-default\"><figure class=\"alignleft size-large is-resized\"><img loading=\"lazy\" decoding=\"async\" src=\"https:\/\/www.tantelose.de\/wp-content\/uploads\/2021\/05\/Smoothie-1024x1024.png\" alt=\"\" class=\"wp-image-1216\" width=\"256\" height=\"256\" srcset=\"https:\/\/www.tantelose.de\/wp-content\/uploads\/2021\/05\/Smoothie-1024x1024.png 1024w, https:\/\/www.tantelose.de\/wp-content\/uploads\/2021\/05\/Smoothie-300x300.png 300w, https:\/\/www.tantelose.de\/wp-content\/uploads\/2021\/05\/Smoothie-150x150.png 150w, https:\/\/www.tantelose.de\/wp-content\/uploads\/2021\/05\/Smoothie-768x768.png 768w, https:\/\/www.tantelose.de\/wp-content\/uploads\/2021\/05\/Smoothie-100x100.png 100w, https:\/\/www.tantelose.de\/wp-content\/uploads\/2021\/05\/Smoothie.png 1080w\" sizes=\"auto, (max-width: 256px) 100vw, 256px\" \/><\/figure><\/div>\n\n\n\n<p class=\"has-small-font-size\">Verzicht \u00fcben und die Gesundheit feiern. Wir m\u00f6chten Euch mit unserem simplen Smoothie-Rezept dazu motivieren, mehr nat\u00fcrliche Lebensmittel in Eure Ern\u00e4hrung zu integrieren.<\/p>\n\n\n\n<p class=\"has-small-font-size\">1 Apfel<br>1 Birne<br>1 Handvoll Spinat oder Gr\u00fcnkohl<br>1 TL Leinsamen<br>1 TL Nussmus Deiner Wahl<br>1 Glas Wasser<\/p>\n\n\n\n<p class=\"has-small-font-size\">Die Zutaten grob zerkleinern und unter Zugabe des Wassers in einen Mixer geben. So lange p\u00fcrieren, bis sich eine homogene Konsistenz ergibt. Das Rezept reicht als Mahlzeit f\u00fcr eine Person oder als Snack f\u00fcr zwei Personen.<\/p>\n\n\n\n<p class=\"has-vivid-cyan-blue-color has-text-color has-small-font-size\"><em>Auf Eure Gesundheit!<\/em><\/p>\n\n\n\n<p class=\"has-small-font-size\"><strong><em><a href=\"https:\/\/www.tantelose.de\/?page_id=1178\">zur\u00fcck<\/a><\/em><\/strong><\/p>\n","protected":false},"excerpt":{"rendered":"<p>Verzicht \u00fcben und die Gesundheit feiern. Wir m\u00f6chten Euch mit unserem simplen Smoothie-Rezept dazu motivieren, mehr nat\u00fcrliche Lebensmittel in Eure Ern\u00e4hrung zu integrieren. 1 Apfel1 Birne1 Handvoll Spinat oder Gr\u00fcnkohl1 TL Leinsamen1 TL Nussmus Deiner Wahl1 Glas Wasser Die Zutaten grob zerkleinern und unter Zugabe des Wassers in einen Mixer geben. So lange p\u00fcrieren, bis &hellip; <\/p>\n<p class=\"link-more\"><a href=\"https:\/\/www.tantelose.de\/?page_id=1210\" class=\"more-link\"><span class=\"screen-reader-text\">\u201eSmoothie-Time\u201c<\/span> weiterlesen<\/a><\/p>\n","protected":false},"author":2,"featured_media":0,"parent":1178,"menu_order":0,"comment_status":"closed","ping_status":"closed","template":"","meta":{"footnotes":""},"class_list":["post-1210","page","type-page","status-publish","hentry"],"_links":{"self":[{"href":"https:\/\/www.tantelose.de\/index.php?rest_route=\/wp\/v2\/pages\/1210","targetHints":{"allow":["GET"]}}],"collection":[{"href":"https:\/\/www.tantelose.de\/index.php?rest_route=\/wp\/v2\/pages"}],"about":[{"href":"https:\/\/www.tantelose.de\/index.php?rest_route=\/wp\/v2\/types\/page"}],"author":[{"embeddable":true,"href":"https:\/\/www.tantelose.de\/index.php?rest_route=\/wp\/v2\/users\/2"}],"replies":[{"embeddable":true,"href":"https:\/\/www.tantelose.de\/index.php?rest_route=%2Fwp%2Fv2%2Fcomments&post=1210"}],"version-history":[{"count":3,"href":"https:\/\/www.tantelose.de\/index.php?rest_route=\/wp\/v2\/pages\/1210\/revisions"}],"predecessor-version":[{"id":1217,"href":"https:\/\/www.tantelose.de\/index.php?rest_route=\/wp\/v2\/pages\/1210\/revisions\/1217"}],"up":[{"embeddable":true,"href":"https:\/\/www.tantelose.de\/index.php?rest_route=\/wp\/v2\/pages\/1178"}],"wp:attachment":[{"href":"https:\/\/www.tantelose.de\/index.php?rest_route=%2Fwp%2Fv2%2Fmedia&parent=1210"}],"curies":[{"name":"wp","href":"https:\/\/api.w.org\/{rel}","templated":true}]}}