{"id":176,"date":"2019-04-22T15:38:44","date_gmt":"2019-04-22T13:38:44","guid":{"rendered":"https:\/\/www.tantelose.de\/?page_id=176"},"modified":"2025-11-20T14:50:22","modified_gmt":"2025-11-20T13:50:22","slug":"wann","status":"publish","type":"page","link":"https:\/\/www.tantelose.de\/?page_id=176","title":{"rendered":"Zeiten"},"content":{"rendered":"\n<figure data-wp-context=\"{&quot;imageId&quot;:&quot;69f57bc391807&quot;}\" data-wp-interactive=\"core\/image\" data-wp-key=\"69f57bc391807\" class=\"wp-block-image size-large is-resized wp-lightbox-container\"><img loading=\"lazy\" decoding=\"async\" width=\"724\" height=\"1024\" data-wp-class--hide=\"state.isContentHidden\" data-wp-class--show=\"state.isContentVisible\" data-wp-init=\"callbacks.setButtonStyles\" data-wp-on--click=\"actions.showLightbox\" data-wp-on--load=\"callbacks.setButtonStyles\" data-wp-on-window--resize=\"callbacks.setButtonStyles\" src=\"https:\/\/www.tantelose.de\/wp-content\/uploads\/2025\/11\/tante-lose_Oeffnungszeiten_Weihnachten_25-724x1024.jpg\" alt=\"\" class=\"wp-image-24008\" style=\"width:444px\" srcset=\"https:\/\/www.tantelose.de\/wp-content\/uploads\/2025\/11\/tante-lose_Oeffnungszeiten_Weihnachten_25-724x1024.jpg 724w, https:\/\/www.tantelose.de\/wp-content\/uploads\/2025\/11\/tante-lose_Oeffnungszeiten_Weihnachten_25-212x300.jpg 212w, https:\/\/www.tantelose.de\/wp-content\/uploads\/2025\/11\/tante-lose_Oeffnungszeiten_Weihnachten_25-768x1087.jpg 768w, https:\/\/www.tantelose.de\/wp-content\/uploads\/2025\/11\/tante-lose_Oeffnungszeiten_Weihnachten_25-1086x1536.jpg 1086w, https:\/\/www.tantelose.de\/wp-content\/uploads\/2025\/11\/tante-lose_Oeffnungszeiten_Weihnachten_25.jpg 1181w\" sizes=\"auto, (max-width: 724px) 100vw, 724px\" \/><button\n\t\t\tclass=\"lightbox-trigger\"\n\t\t\ttype=\"button\"\n\t\t\taria-haspopup=\"dialog\"\n\t\t\taria-label=\"Vergr\u00f6\u00dfern\"\n\t\t\tdata-wp-init=\"callbacks.initTriggerButton\"\n\t\t\tdata-wp-on--click=\"actions.showLightbox\"\n\t\t\tdata-wp-style--right=\"state.imageButtonRight\"\n\t\t\tdata-wp-style--top=\"state.imageButtonTop\"\n\t\t>\n\t\t\t<svg xmlns=\"http:\/\/www.w3.org\/2000\/svg\" width=\"12\" height=\"12\" fill=\"none\" viewBox=\"0 0 12 12\">\n\t\t\t\t<path fill=\"#fff\" d=\"M2 0a2 2 0 0 0-2 2v2h1.5V2a.5.5 0 0 1 .5-.5h2V0H2Zm2 10.5H2a.5.5 0 0 1-.5-.5V8H0v2a2 2 0 0 0 2 2h2v-1.5ZM8 12v-1.5h2a.5.5 0 0 0 .5-.5V8H12v2a2 2 0 0 1-2 2H8Zm2-12a2 2 0 0 1 2 2v2h-1.5V2a.5.5 0 0 0-.5-.5H8V0h2Z\" \/>\n\t\t\t<\/svg>\n\t\t<\/button><\/figure>\n\n\n<div class=\"wp-block-image is-style-default\">\n<figure class=\"aligncenter size-large\"><img loading=\"lazy\" decoding=\"async\" width=\"774\" height=\"670\" src=\"https:\/\/www.tantelose.de\/wp-content\/uploads\/2021\/05\/Zeiten-2.png\" alt=\"\" class=\"wp-image-1167\" srcset=\"https:\/\/www.tantelose.de\/wp-content\/uploads\/2021\/05\/Zeiten-2.png 774w, https:\/\/www.tantelose.de\/wp-content\/uploads\/2021\/05\/Zeiten-2-300x260.png 300w, https:\/\/www.tantelose.de\/wp-content\/uploads\/2021\/05\/Zeiten-2-768x665.png 768w\" sizes=\"auto, (max-width: 767px) 89vw, (max-width: 1000px) 54vw, (max-width: 1071px) 543px, 580px\" \/><\/figure>\n<\/div>\n\n\n<pre class=\"wp-block-verse has-text-align-left has-small-font-size\"><mark style=\"background-color:rgba(0, 0, 0, 0)\" class=\"has-inline-color has-black-color\">Unser Unverpacktladen tante lose.  wird gef\u00f6rdert durch den <a aria-label=\"Europ\u00e4ischen Landwirtschaftsfonds f\u00fcr die Entwicklung des l\u00e4ndlichen Raumes (ELER) (\u00f6ffnet in neuem Tab)\" href=\"https:\/\/ec.europa.eu\/agriculture\/rural-development-2014-2020_de\" target=\"_blank\" rel=\"noreferrer noopener\">Europ\u00e4ischen Landwirtschaftsfonds f\u00fcr die Entwicklung des l\u00e4ndlichen Raumes (ELER)<\/a> und das Ministerium f\u00fcr L\u00e4ndlichen Raum und Verbraucherschutz Baden-W\u00fcrttemberg. Hier investiert Europa in die l\u00e4ndlichen Gebiete.<\/mark><\/pre>\n\n\n<div class=\"wp-block-image is-resized\">\n<figure class=\"alignright size-large\"><img loading=\"lazy\" decoding=\"async\" width=\"1024\" height=\"274\" src=\"https:\/\/www.tantelose.de\/wp-content\/uploads\/2020\/04\/Leader_WEB-1024x274.jpg\" alt=\"\" class=\"wp-image-715\" srcset=\"https:\/\/www.tantelose.de\/wp-content\/uploads\/2020\/04\/Leader_WEB-1024x274.jpg 1024w, https:\/\/www.tantelose.de\/wp-content\/uploads\/2020\/04\/Leader_WEB-300x80.jpg 300w, https:\/\/www.tantelose.de\/wp-content\/uploads\/2020\/04\/Leader_WEB-768x205.jpg 768w, https:\/\/www.tantelose.de\/wp-content\/uploads\/2020\/04\/Leader_WEB-1536x411.jpg 1536w, https:\/\/www.tantelose.de\/wp-content\/uploads\/2020\/04\/Leader_WEB.jpg 1772w\" sizes=\"auto, (max-width: 767px) 89vw, (max-width: 1000px) 54vw, (max-width: 1071px) 543px, 580px\" \/><\/figure>\n<\/div>\n\n\n<p><\/p>\n","protected":false},"excerpt":{"rendered":"<p>Unser Unverpacktladen tante lose. wird gef\u00f6rdert durch den Europ\u00e4ischen Landwirtschaftsfonds f\u00fcr die Entwicklung des l\u00e4ndlichen Raumes (ELER) und das Ministerium f\u00fcr L\u00e4ndlichen Raum und Verbraucherschutz Baden-W\u00fcrttemberg. Hier investiert Europa in die l\u00e4ndlichen Gebiete.<\/p>\n","protected":false},"author":2,"featured_media":0,"parent":0,"menu_order":0,"comment_status":"closed","ping_status":"open","template":"","meta":{"footnotes":""},"class_list":["post-176","page","type-page","status-publish","hentry"],"_links":{"self":[{"href":"https:\/\/www.tantelose.de\/index.php?rest_route=\/wp\/v2\/pages\/176","targetHints":{"allow":["GET"]}}],"collection":[{"href":"https:\/\/www.tantelose.de\/index.php?rest_route=\/wp\/v2\/pages"}],"about":[{"href":"https:\/\/www.tantelose.de\/index.php?rest_route=\/wp\/v2\/types\/page"}],"author":[{"embeddable":true,"href":"https:\/\/www.tantelose.de\/index.php?rest_route=\/wp\/v2\/users\/2"}],"replies":[{"embeddable":true,"href":"https:\/\/www.tantelose.de\/index.php?rest_route=%2Fwp%2Fv2%2Fcomments&post=176"}],"version-history":[{"count":10,"href":"https:\/\/www.tantelose.de\/index.php?rest_route=\/wp\/v2\/pages\/176\/revisions"}],"predecessor-version":[{"id":24011,"href":"https:\/\/www.tantelose.de\/index.php?rest_route=\/wp\/v2\/pages\/176\/revisions\/24011"}],"wp:attachment":[{"href":"https:\/\/www.tantelose.de\/index.php?rest_route=%2Fwp%2Fv2%2Fmedia&parent=176"}],"curies":[{"name":"wp","href":"https:\/\/api.w.org\/{rel}","templated":true}]}}