{"id":19,"date":"2019-02-08T16:52:22","date_gmt":"2019-02-08T15:52:22","guid":{"rendered":"https:\/\/www.tantelose.de\/?page_id=19"},"modified":"2021-12-19T18:12:44","modified_gmt":"2021-12-19T17:12:44","slug":"kontakt","status":"publish","type":"page","link":"https:\/\/www.tantelose.de\/?page_id=19","title":{"rendered":"Kontakt"},"content":{"rendered":"\n<p class=\"has-very-dark-gray-color has-text-color has-small-font-size\"><span class=\"has-inline-color has-vivid-cyan-blue-color\">tante lose.  GbR   |    Paradiesstra\u00dfe 9    |    88239 Wangen<\/span><\/p>\n\n\n\n<p class=\"has-very-dark-gray-color has-text-color has-small-font-size\"><span class=\"has-inline-color has-vivid-cyan-blue-color\"><a rel=\"noreferrer noopener\" aria-label=\"www.tantelose.de (\u00f6ffnet in neuem Tab)\" href=\"http:\/\/www.tantelose.de\" target=\"_blank\">www.tantelose.de<\/a>    |    info@tantelose.de <\/span><\/p>\n\n\n\n<p class=\"has-very-dark-gray-color has-text-color has-small-font-size\"><span class=\"has-inline-color has-vivid-cyan-blue-color\">Telefon 07522_97 86 558  |  Fax 07522_97 86 559<\/span><\/p>\n\n\n\n<p class=\"has-very-dark-gray-color has-text-color has-small-font-size\"><span class=\"has-inline-color has-vivid-cyan-blue-color\">Uli H\u00fcl\u00dfe-Hartmann, Christine Lechelt <\/span><\/p>\n\n\n\n<p><\/p>\n\n\n\n<div class=\"wpcf7 no-js\" id=\"wpcf7-f135-o1\" lang=\"de-DE\" dir=\"ltr\" data-wpcf7-id=\"135\">\n<div class=\"screen-reader-response\"><p role=\"status\" aria-live=\"polite\" aria-atomic=\"true\"><\/p> <ul><\/ul><\/div>\n<form action=\"\/index.php?rest_route=%2Fwp%2Fv2%2Fpages%2F19#wpcf7-f135-o1\" method=\"post\" class=\"wpcf7-form init\" aria-label=\"Kontaktformular\" novalidate=\"novalidate\" data-status=\"init\">\n<fieldset class=\"hidden-fields-container\"><input type=\"hidden\" name=\"_wpcf7\" value=\"135\" \/><input type=\"hidden\" name=\"_wpcf7_version\" value=\"6.1.5\" \/><input type=\"hidden\" name=\"_wpcf7_locale\" value=\"de_DE\" \/><input type=\"hidden\" name=\"_wpcf7_unit_tag\" value=\"wpcf7-f135-o1\" \/><input type=\"hidden\" name=\"_wpcf7_container_post\" value=\"0\" \/><input type=\"hidden\" name=\"_wpcf7_posted_data_hash\" value=\"\" \/>\n<\/fieldset>\n<p><label> Dein Name *<br \/>\n<span class=\"wpcf7-form-control-wrap\" data-name=\"your-name\"><input size=\"40\" maxlength=\"400\" class=\"wpcf7-form-control wpcf7-text wpcf7-validates-as-required\" aria-required=\"true\" aria-invalid=\"false\" value=\"\" type=\"text\" name=\"your-name\" \/><\/span> <\/label>\n<\/p>\n<p><label> Deine E-Mail-Adresse *<br \/>\n<span class=\"wpcf7-form-control-wrap\" data-name=\"your-email\"><input size=\"40\" maxlength=\"400\" class=\"wpcf7-form-control wpcf7-email wpcf7-validates-as-required wpcf7-text wpcf7-validates-as-email\" aria-required=\"true\" aria-invalid=\"false\" value=\"\" type=\"email\" name=\"your-email\" \/><\/span> <\/label>\n<\/p>\n<p><label> Betreff<br \/>\n<span class=\"wpcf7-form-control-wrap\" data-name=\"your-subject\"><input size=\"40\" maxlength=\"400\" class=\"wpcf7-form-control wpcf7-text\" aria-invalid=\"false\" value=\"\" type=\"text\" name=\"your-subject\" \/><\/span> <\/label>\n<\/p>\n<p><label> Deine Nachricht<br \/>\n<span class=\"wpcf7-form-control-wrap\" data-name=\"your-message\"><textarea cols=\"40\" rows=\"10\" maxlength=\"2000\" class=\"wpcf7-form-control wpcf7-textarea\" aria-invalid=\"false\" name=\"your-message\"><\/textarea><\/span> <\/label>\n<\/p>\n<p><input class=\"wpcf7-form-control wpcf7-submit has-spinner\" type=\"submit\" value=\"Senden\" \/>\n<\/p><div class=\"wpcf7-response-output\" aria-hidden=\"true\"><\/div>\n<\/form>\n<\/div>\n\n\n\n<p><!--StartFragment--><\/p>\n\n\n<p class=\"has-very-light-gray-color has-text-color has-small-font-size\">.<\/p>\n\n\n\n<pre class=\"wp-block-verse has-small-font-size\">Unser Unverpacktladen tante lose.  wird gef\u00f6rdert durch den <a rel=\"noreferrer noopener\" aria-label=\"Europ\u00e4ischen Landwirtschaftsfonds f\u00fcr die Entwicklung des l\u00e4ndlichen Raumes (ELER) (\u00f6ffnet in neuem Tab)\" href=\"https:\/\/ec.europa.eu\/agriculture\/rural-development-2014-2020_de\" target=\"_blank\">Europ\u00e4ischen Landwirtschaftsfonds f\u00fcr die Entwicklung des l\u00e4ndlichen Raumes (ELER)<\/a> und das Ministerium f\u00fcr L\u00e4ndlichen Raum und Verbraucherschutz Baden-W\u00fcrttemberg. Hier investiert Europa in die l\u00e4ndlichen Gebiete.<\/pre>\n\n\n\n<div class=\"wp-block-image\"><figure class=\"alignright size-large is-resized\"><img loading=\"lazy\" decoding=\"async\" src=\"https:\/\/www.tantelose.de\/wp-content\/uploads\/2020\/04\/Leader_WEB-1024x274.jpg\" alt=\"\" class=\"wp-image-715\" width=\"256\" height=\"69\" srcset=\"https:\/\/www.tantelose.de\/wp-content\/uploads\/2020\/04\/Leader_WEB-1024x274.jpg 1024w, https:\/\/www.tantelose.de\/wp-content\/uploads\/2020\/04\/Leader_WEB-300x80.jpg 300w, https:\/\/www.tantelose.de\/wp-content\/uploads\/2020\/04\/Leader_WEB-768x205.jpg 768w, https:\/\/www.tantelose.de\/wp-content\/uploads\/2020\/04\/Leader_WEB-1536x411.jpg 1536w, https:\/\/www.tantelose.de\/wp-content\/uploads\/2020\/04\/Leader_WEB.jpg 1772w\" sizes=\"auto, (max-width: 256px) 100vw, 256px\" \/><\/figure><\/div>\n","protected":false},"excerpt":{"rendered":"<p>tante lose. GbR | Paradiesstra\u00dfe 9 | 88239 Wangen www.tantelose.de | info@tantelose.de Telefon 07522_97 86 558 | Fax 07522_97 86 559 Uli H\u00fcl\u00dfe-Hartmann, Christine Lechelt . Unser Unverpacktladen tante lose. wird gef\u00f6rdert durch den Europ\u00e4ischen Landwirtschaftsfonds f\u00fcr die Entwicklung des l\u00e4ndlichen Raumes (ELER) und das Ministerium f\u00fcr L\u00e4ndlichen Raum und Verbraucherschutz Baden-W\u00fcrttemberg. Hier investiert Europa &hellip; <\/p>\n<p class=\"link-more\"><a href=\"https:\/\/www.tantelose.de\/?page_id=19\" class=\"more-link\"><span class=\"screen-reader-text\">\u201eKontakt\u201c<\/span> weiterlesen<\/a><\/p>\n","protected":false},"author":2,"featured_media":0,"parent":0,"menu_order":0,"comment_status":"closed","ping_status":"open","template":"","meta":{"footnotes":""},"class_list":["post-19","page","type-page","status-publish","hentry"],"_links":{"self":[{"href":"https:\/\/www.tantelose.de\/index.php?rest_route=\/wp\/v2\/pages\/19","targetHints":{"allow":["GET"]}}],"collection":[{"href":"https:\/\/www.tantelose.de\/index.php?rest_route=\/wp\/v2\/pages"}],"about":[{"href":"https:\/\/www.tantelose.de\/index.php?rest_route=\/wp\/v2\/types\/page"}],"author":[{"embeddable":true,"href":"https:\/\/www.tantelose.de\/index.php?rest_route=\/wp\/v2\/users\/2"}],"replies":[{"embeddable":true,"href":"https:\/\/www.tantelose.de\/index.php?rest_route=%2Fwp%2Fv2%2Fcomments&post=19"}],"version-history":[{"count":10,"href":"https:\/\/www.tantelose.de\/index.php?rest_route=\/wp\/v2\/pages\/19\/revisions"}],"predecessor-version":[{"id":1281,"href":"https:\/\/www.tantelose.de\/index.php?rest_route=\/wp\/v2\/pages\/19\/revisions\/1281"}],"wp:attachment":[{"href":"https:\/\/www.tantelose.de\/index.php?rest_route=%2Fwp%2Fv2%2Fmedia&parent=19"}],"curies":[{"name":"wp","href":"https:\/\/api.w.org\/{rel}","templated":true}]}}