{"id":3,"date":"2019-01-08T17:06:38","date_gmt":"2019-01-08T17:06:38","guid":{"rendered":"http:\/\/tantelose.de\/?page_id=3"},"modified":"2025-04-23T08:18:55","modified_gmt":"2025-04-23T06:18:55","slug":"privacy-policy","status":"publish","type":"page","link":"https:\/\/www.tantelose.de\/?page_id=3","title":{"rendered":"Impressum"},"content":{"rendered":"\n<div class=\"wp-block-columns is-layout-flex wp-container-core-columns-is-layout-9d6595d7 wp-block-columns-is-layout-flex\">\n<div class=\"wp-block-column is-layout-flow wp-block-column-is-layout-flow\" style=\"flex-basis:33.33%\">\n<p><sup><span class=\"has-inline-color has-vivid-cyan-blue-color\">Angaben gem\u00e4\u00df \u00a7 5 TMG:<\/span><\/sup><\/p>\n<\/div>\n\n\n\n<div class=\"wp-block-column is-layout-flow wp-block-column-is-layout-flow\" style=\"flex-basis:66.66%\">\n<p><sup>tante lose. GbR | Paradiesstra\u00dfe 9 | 88239 Wangen<\/sup><\/p>\n<\/div>\n<\/div>\n\n\n\n<div class=\"wp-block-columns is-layout-flex wp-container-core-columns-is-layout-9d6595d7 wp-block-columns-is-layout-flex\">\n<div class=\"wp-block-column is-layout-flow wp-block-column-is-layout-flow\" style=\"flex-basis:33.33%\">\n<p><sup><span class=\"has-inline-color has-vivid-cyan-blue-color\">Vertreten durch:<\/span><\/sup><\/p>\n<\/div>\n\n\n\n<div class=\"wp-block-column is-layout-flow wp-block-column-is-layout-flow\" style=\"flex-basis:66.66%\">\n<p><sup>Uli H\u00fcl\u00dfe-Hartmann, Christine Lechelt<\/sup><\/p>\n<\/div>\n<\/div>\n\n\n\n<div class=\"wp-block-columns is-layout-flex wp-container-core-columns-is-layout-9d6595d7 wp-block-columns-is-layout-flex\">\n<div class=\"wp-block-column is-layout-flow wp-block-column-is-layout-flow\" style=\"flex-basis:33.33%\">\n<p><span class=\"has-inline-color has-vivid-cyan-blue-color\"><sup>Kontakt:<\/sup><\/span><\/p>\n<\/div>\n\n\n\n<div class=\"wp-block-column is-layout-flow wp-block-column-is-layout-flow\" style=\"flex-basis:66.66%\">\n<p><sup>Telefon 07522_97 86 558 | Telefax 07522_97 86 559<br>E-Mail: info@tantelose.de | Website www.tantelose.de<\/sup><\/p>\n<\/div>\n<\/div>\n\n\n\n<div class=\"wp-block-columns is-layout-flex wp-container-core-columns-is-layout-9d6595d7 wp-block-columns-is-layout-flex\">\n<div class=\"wp-block-column is-layout-flow wp-block-column-is-layout-flow\" style=\"flex-basis:33.33%\">\n<p><span class=\"has-inline-color has-vivid-cyan-blue-color\"><sup>Gestaltung, Bilder, Grafik:<\/sup><\/span><\/p>\n<\/div>\n\n\n\n<div class=\"wp-block-column is-layout-flow wp-block-column-is-layout-flow\" style=\"flex-basis:66.66%\">\n<p><sup><a href=\"https:\/\/knst-stck.de\/\" target=\"_blank\" rel=\"noreferrer noopener\">Pit Hartmann<\/a> Luc Eichhorn<\/sup><\/p>\n<\/div>\n<\/div>\n\n\n\n<pre class=\"wp-block-verse has-small-font-size\"><strong><span class=\"has-inline-color has-vivid-cyan-blue-color\">Haftung f\u00fcr Links<br><\/span><\/strong>Unser Angebot enth\u00e4lt Links zu externen Websites Dritter, auf deren  Inhalte wir keinen Einfluss haben. Deshalb k\u00f6nnen wir f\u00fcr diese fremden  Inhalte auch keine Gew\u00e4hr \u00fcbernehmen. F\u00fcr die Inhalte der verlinkten  Seiten ist stets der jeweilige Anbieter oder Betreiber der Seiten  verantwortlich. Die verlinkten Seiten wurden zum Zeitpunkt der  Verlinkung auf m\u00f6gliche Rechtsverst\u00f6\u00dfe \u00fcberpr\u00fcft. Rechtswidrige Inhalte  waren zum Zeitpunkt der Verlinkung nicht erkennbar.<br> Eine permanente inhaltliche Kontrolle der verlinkten Seiten ist jedoch  ohne konkrete Anhaltspunkte einer Rechtsverletzung nicht zumutbar. Bei  Bekanntwerden von Rechtsverletzungen werden wir derartige Links umgehend  entfernen.<\/pre>\n\n\n\n<pre class=\"wp-block-verse has-small-font-size\"><span class=\"has-inline-color has-vivid-cyan-blue-color\"><strong>Haftung f\u00fcr Inhalte<br><\/strong><\/span>Als Diensteanbieter sind wir gem\u00e4\u00df \u00a7 7 Abs.1 TMG f\u00fcr eigene Inhalte auf  diesen Seiten nach den allgemeinen Gesetzen verantwortlich. Nach \u00a7\u00a7 8  bis 10 TMG sind wir als Diensteanbieter jedoch nicht  verpflichtet, \u00fcbermittelte oder gespeicherte fremde Informationen zu  \u00fcberwachen oder nach Umst\u00e4nden zu forschen, die auf eine rechtswidrige  T\u00e4tigkeit hinweisen.  Verpflichtungen zur Entfernung oder Sperrung der Nutzung von  Informationen nach den allgemeinen Gesetzen bleiben hiervon unber\u00fchrt.  Eine diesbez\u00fcgliche Haftung ist jedoch erst ab dem Zeitpunkt der  Kenntnis einer konkreten Rechtsverletzung m\u00f6glich. Bei Bekanntwerden von  entsprechenden Rechtsverletzungen werden wir diese Inhalte umgehend  entfernen.<\/pre>\n\n\n\n<pre class=\"wp-block-verse has-small-font-size\"><span class=\"has-inline-color has-vivid-cyan-blue-color\"><strong>Urheberrecht<\/strong><br><\/span>Die durch die Seitenbetreiber erstellten Inhalte und Werke auf diesen  Seiten unterliegen dem deutschen Urheberrecht. Die Vervielf\u00e4ltigung,  Bearbeitung, Verbreitung und jede Art der Verwertung au\u00dferhalb der  Grenzen des Urheberrechtes bed\u00fcrfen der schriftlichen Zustimmung des  jeweiligen Autors bzw. Erstellers. Downloads und Kopien dieser Seite  sind nur f\u00fcr den privaten, nicht kommerziellen Gebrauch gestattet.<br> Soweit die Inhalte auf dieser Seite nicht vom Betreiber erstellt wurden,  werden die Urheberrechte Dritter beachtet. Insbesondere werden Inhalte  Dritter als solche gekennzeichnet. Sollten Sie trotzdem auf eine  Urheberrechtsverletzung aufmerksam werden, bitten wir um einen  entsprechenden Hinweis. Bei Bekanntwerden von Rechtsverletzungen werden  wir derartige Inhalte umgehend entfernen.<\/pre>\n","protected":false},"excerpt":{"rendered":"<p>Angaben gem\u00e4\u00df \u00a7 5 TMG: tante lose. GbR | Paradiesstra\u00dfe 9 | 88239 Wangen Vertreten durch: Uli H\u00fcl\u00dfe-Hartmann, Christine Lechelt Kontakt: Telefon 07522_97 86 558 | Telefax 07522_97 86 559E-Mail: info@tantelose.de | Website www.tantelose.de Gestaltung, Bilder, Grafik: Pit Hartmann Luc Eichhorn Haftung f\u00fcr LinksUnser Angebot enth\u00e4lt Links zu externen Websites Dritter, auf deren Inhalte wir &hellip; <\/p>\n<p class=\"link-more\"><a href=\"https:\/\/www.tantelose.de\/?page_id=3\" class=\"more-link\"><span class=\"screen-reader-text\">\u201eImpressum\u201c<\/span> weiterlesen<\/a><\/p>\n","protected":false},"author":1,"featured_media":0,"parent":0,"menu_order":0,"comment_status":"closed","ping_status":"open","template":"","meta":{"footnotes":""},"class_list":["post-3","page","type-page","status-publish","hentry"],"_links":{"self":[{"href":"https:\/\/www.tantelose.de\/index.php?rest_route=\/wp\/v2\/pages\/3","targetHints":{"allow":["GET"]}}],"collection":[{"href":"https:\/\/www.tantelose.de\/index.php?rest_route=\/wp\/v2\/pages"}],"about":[{"href":"https:\/\/www.tantelose.de\/index.php?rest_route=\/wp\/v2\/types\/page"}],"author":[{"embeddable":true,"href":"https:\/\/www.tantelose.de\/index.php?rest_route=\/wp\/v2\/users\/1"}],"replies":[{"embeddable":true,"href":"https:\/\/www.tantelose.de\/index.php?rest_route=%2Fwp%2Fv2%2Fcomments&post=3"}],"version-history":[{"count":9,"href":"https:\/\/www.tantelose.de\/index.php?rest_route=\/wp\/v2\/pages\/3\/revisions"}],"predecessor-version":[{"id":23993,"href":"https:\/\/www.tantelose.de\/index.php?rest_route=\/wp\/v2\/pages\/3\/revisions\/23993"}],"wp:attachment":[{"href":"https:\/\/www.tantelose.de\/index.php?rest_route=%2Fwp%2Fv2%2Fmedia&parent=3"}],"curies":[{"name":"wp","href":"https:\/\/api.w.org\/{rel}","templated":true}]}}